{"id":115,"date":"2021-09-25T12:53:55","date_gmt":"2021-09-25T12:53:55","guid":{"rendered":"http:\/\/wordpress.bio-scan.pl\/?page_id=115"},"modified":"2022-01-06T16:57:36","modified_gmt":"2022-01-06T15:57:36","slug":"diagnostyka-skladu-organizmu","status":"publish","type":"page","link":"https:\/\/bio-scan.pl\/index.php\/terapie\/diagnostyka-skladu-organizmu\/","title":{"rendered":"Diagnostyka sk\u0142adu organizmu"},"content":{"rendered":"<p>[et_pb_section fb_built=&#8221;1&#8243; _builder_version=&#8221;4.10.8&#8243; _module_preset=&#8221;default&#8221; global_colors_info=&#8221;{}&#8221;][et_pb_row _builder_version=&#8221;4.10.8&#8243; _module_preset=&#8221;default&#8221; global_colors_info=&#8221;{}&#8221;][et_pb_column type=&#8221;4_4&#8243; _builder_version=&#8221;4.10.8&#8243; _module_preset=&#8221;default&#8221; global_colors_info=&#8221;{}&#8221;][et_pb_text _builder_version=&#8221;4.10.8&#8243; _module_preset=&#8221;default&#8221; global_colors_info=&#8221;{}&#8221;]<\/p>\n<h2 style=\"text-align: center;\"><span style=\"color: #212529;\"><span style=\"font-family: Arial, serif;\">Analiza sk\u0142adu cia\u0142a<\/span><\/span><\/h2>\n<p style=\"line-height: 100%; margin-top: 0.49cm; margin-bottom: 0.49cm; background: #ffffff none repeat scroll 0% 0%; text-align: center;\" align=\"center\">\n<p>[\/et_pb_text][et_pb_text _builder_version=&#8221;4.11.1&#8243; _module_preset=&#8221;default&#8221; global_colors_info=&#8221;{}&#8221;]<\/p>\n<p style=\"text-align: center;\"><strong><a href=\"\/index.php\/przygotowanie-i-przeciwwskazania-do-diagnostyki-biorezonansowej\/\" title=\"Przygotowanie i przeciwwskazania do diagnostyki biorezonansowej\">Przygotowanie i przeciwwskazania do diagnostyki biorezonansowej<\/a><\/strong><\/p>\n<p>[\/et_pb_text][\/et_pb_column][\/et_pb_row][et_pb_row _builder_version=&#8221;4.10.8&#8243; _module_preset=&#8221;default&#8221; global_colors_info=&#8221;{}&#8221;][et_pb_column type=&#8221;4_4&#8243; _builder_version=&#8221;4.10.8&#8243; _module_preset=&#8221;default&#8221; global_colors_info=&#8221;{}&#8221;][et_pb_text _builder_version=&#8221;4.10.8&#8243; _module_preset=&#8221;default&#8221; global_colors_info=&#8221;{}&#8221;]<\/p>\n<p><span style=\"color: #212529;\"><span style=\"font-family: Arial, serif;\">Quantum Resonance Magnetic Analizer &#8211; urz\u0105dzenie diagnostyki biorezonansowej, tworz\u0105ce 35 raport\u00f3w obrazuj\u0105cych niedobory i nadmiary pierwiastk\u00f3w, witamin, hormon\u00f3w i innych wa\u017cnych czynnik\u00f3w w organizmie, w sumie ok 100 stron analizy.<\/span><\/span><\/p>\n<ul>\n<li><span style=\"color: #212529;\"><span style=\"font-family: Arial, serif;\"><b>Uk\u0142ad kr\u0105\u017cenia i naczy\u0144 m\u00f3zgowych<\/b><\/span><\/span><span style=\"color: #212529;\"><span style=\"font-family: Arial, serif;\">\u00a0(lepko\u015b\u0107 krwi, krystalizacja cholesterolu, t\u0142uszcz we krwi, op\u00f3r naczyniowy, elastyczno\u015b\u0107 naczy\u0144 krwiono\u015bnych, zapotrzebowanie serca na krew, rzeczywiste ukrwienie mi\u0119\u015bnia sercowego, elastyczno\u015b\u0107 naczy\u0144 wie\u0144cowych, elastyczno\u015b\u0107 naczy\u0144 m\u00f3zgowych,<\/span><\/span><\/li>\n<li><span style=\"color: #212529;\"><span style=\"font-family: Arial, serif;\"><b>Funkcje przewodu pokarmowego<\/b><\/span><\/span><span style=\"color: #212529;\"><span style=\"font-family: Arial, serif;\">\u00a0(wsp\u00f3\u0142czynnik wydzielania pepsyny, wsp\u00f3\u0142czynnik perystaltyki \u017co\u0142\u0105dkowej i jelita cienkiego, wsp\u00f3\u0142czynnik absorpcji \u017co\u0142\u0105dkowej i jelita cienkiego),<\/span><\/span><\/li>\n<li><span style=\"color: #212529;\"><span style=\"font-family: Arial, serif;\"><b>Funkcja jelita<\/b><\/span><\/span><span style=\"color: #212529;\"><span style=\"font-family: Arial, serif;\">\u00a0(wsp\u00f3\u0142czynnik ci\u015bnienia jelitowego, bakterii jelitowych, okr\u0119\u017cnicy i funkcji jelit),<\/span><\/span><\/li>\n<li><span style=\"color: #212529;\"><span style=\"font-family: Arial, serif;\"><b>Funkcja w\u0105troby<\/b><\/span><\/span><span style=\"color: #212529;\"><span style=\"font-family: Arial, serif;\">\u00a0(metabolizm bia\u0142ek, produkcja energii, funkcje detoksykacyjne, produkcja \u017c\u00f3\u0142ci, zawarto\u015b\u0107 t\u0142uszczu w w\u0105trobie),<\/span><\/span><\/li>\n<li><span style=\"color: #212529;\"><span style=\"font-family: Arial, serif;\"><b>Funkcje p\u0119cherzyka \u017c\u00f3\u0142ciowego<\/b><\/span><\/span><span style=\"color: #212529;\"><span style=\"font-family: Arial, serif;\">\u00a0(globulina, bilirubina ca\u0142kowita, fosfataza alkaliczna, zawarto\u015b\u0107 kwas\u00f3w \u017c\u00f3\u0142ciowych),<\/span><\/span><\/li>\n<li><span style=\"color: #212529;\"><span style=\"font-family: Arial, serif;\"><b>Funkcje trzustki<\/b><\/span><\/span><span style=\"color: #212529;\"><span style=\"font-family: Arial, serif;\">\u00a0(insulina, polipeptydy trzustkowe, glukagon),<\/span><\/span><\/li>\n<li><span style=\"color: #212529;\"><span style=\"font-family: Arial, serif;\"><b>Funkcje nerek<\/b><\/span><\/span><span style=\"color: #212529;\"><span style=\"font-family: Arial, serif;\">\u00a0(kwas moczowy, bia\u0142komocz),<\/span><\/span><\/li>\n<li><span style=\"color: #212529;\"><span style=\"font-family: Arial, serif;\"><b>Funkcje p\u0142uc<\/b><\/span><\/span><span style=\"color: #212529;\"><span style=\"font-family: Arial, serif;\">\u00a0(pojemno\u015b\u0107 \u017cyciowa i ca\u0142kowita p\u0142uc, odporno\u015b\u0107 dr\u00f3g oddechowych, zawarto\u015b\u0107 tlenu w t\u0119tnicach),<\/span><\/span><\/li>\n<li><span style=\"color: #212529;\"><span style=\"font-family: Arial, serif;\"><b>M\u00f3zg<\/b><\/span><\/span><span style=\"color: #212529;\"><span style=\"font-family: Arial, serif;\">\u00a0(stan ukrwienia tkanki m\u00f3zgowej, mia\u017cd\u017cyca naczy\u0144 m\u00f3zgowych, stan unerwienia czaszkowego, indeks pami\u0119ci),<\/span><\/span><\/li>\n<li><span style=\"color: #212529;\"><span style=\"font-family: Arial, serif;\"><b>Uk\u0142ad kostny<\/b><\/span><\/span><span style=\"color: #212529;\"><span style=\"font-family: Arial, serif;\">\u00a0(wiek wi\u0119zade\u0142, ograniczenie kr\u0105\u017cenia w ko\u0144czynach, k\u0105t przyczepu mi\u0119\u015bnia ramiennego),<\/span><\/span><\/li>\n<li><span style=\"color: #212529;\"><span style=\"font-family: Arial, serif;\"><b>G\u0119sto\u015b\u0107 mineralna ko\u015bci<\/b><\/span><\/span><span style=\"color: #212529;\"><span style=\"font-family: Arial, serif;\">\u00a0(wsp\u00f3\u0142czynnik osteoklastu, wielko\u015b\u0107 utraty wapnia, stopie\u0144 hiperplazji kostnej, stopie\u0144 osteoporozy, niemineralna g\u0119sto\u015b\u0107 ko\u015bci),<\/span><\/span><\/li>\n<li><span style=\"color: #212529;\"><span style=\"font-family: Arial, serif;\"><b>Choroby reumatyczne ko\u015bci<\/b><\/span><\/span><span style=\"color: #212529;\"><span style=\"font-family: Arial, serif;\">\u00a0(stopie\u0144 zwapnienia trzonu, bioder, wsp\u00f3\u0142czynnik hiperplazji ko\u015bci, wsp\u00f3\u0142czynnik osteoporozy, reumatyzmu),<\/span><\/span><\/li>\n<li><span style=\"color: #212529;\"><span style=\"font-family: Arial, serif;\"><b>Indeks wzrostu kostnego<\/b><\/span><\/span><span style=\"color: #212529;\"><span style=\"font-family: Arial, serif;\">\u00a0(kostna fosfataza alkaliczna, osteokalcyna, stan gojenia ko\u015bci d\u0142ugich, kr\u00f3tkich i chrz\u0105stek),<\/span><\/span><\/li>\n<li><span style=\"color: #212529;\"><span style=\"font-family: Arial, serif;\"><b>Cukier we krwi<\/b><\/span><\/span><span style=\"color: #212529;\"><span style=\"font-family: Arial, serif;\">\u00a0(wsp\u00f3\u0142czynnik wydzielania insuliny, poziom cukru we krwi, zawarto\u015b\u0107 cukru w moczu),<\/span><\/span><\/li>\n<li><span style=\"color: #212529;\"><span style=\"font-family: Arial, serif;\"><b>Pierwiastki \u015bladowe<\/b><\/span><\/span><span style=\"color: #212529;\"><span style=\"font-family: Arial, serif;\">\u00a0(wap\u0144, \u017celazo, cynk, selen, fosfor, potas, magnez, mied\u017a, kobalt, mangan, jod, nikiel, fluor, molibden, wanad, cyna, krzem, strontu, boru),<\/span><\/span><\/li>\n<li><span style=\"color: #212529;\"><span style=\"font-family: Arial, serif;\"><b>Witaminy<\/b><\/span><\/span><span style=\"color: #212529;\"><span style=\"font-family: Arial, serif;\">\u00a0(A, B1, B2, B3, B6, B12, C, D3, E, K),<\/span><\/span><\/li>\n<li><span style=\"color: #212529;\"><span style=\"font-family: Arial, serif;\"><b>Aminokwasy<\/b><\/span><\/span><span style=\"color: #212529;\"><span style=\"font-family: Arial, serif;\">\u00a0(lizyna, tryptofan, fenyloalanina, metionina, treonina, izoleucyna, leucyna, walina, histydyna, arginina),<\/span><\/span><\/li>\n<li><span style=\"color: #212529;\"><span style=\"font-family: Arial, serif;\"><b>Koenzymy<\/b><\/span><\/span><span style=\"color: #212529;\"><span style=\"font-family: Arial, serif;\">\u00a0(nikotynamid, biotyna, kwas pantotenowy, kwas foliowy, koenzym Q10, glutation),<\/span><\/span><\/li>\n<li><span style=\"color: #212529;\"><span style=\"font-family: Arial, serif;\"><b>Uk\u0142ad hormonalny<\/b><\/span><\/span><span style=\"color: #212529;\"><span style=\"font-family: Arial, serif;\">\u00a0(indeks wydzielania trzustki, prarthormon\u00f3w, nadnerczy, przysadki, szyszynki, grasicy, gruczo\u0142\u00f3w),<\/span><\/span><\/li>\n<li><span style=\"color: #212529;\"><span style=\"font-family: Arial, serif;\"><b>Uk\u0142ad odporno\u015bciowy<\/b><\/span><\/span><span style=\"color: #212529;\"><span style=\"font-family: Arial, serif;\">\u00a0(indeks gruczo\u0142\u00f3w limfatycznych, immunologicnzy migda\u0142k\u00f3w, szpiku kostnego, \u015bledziony, grasicy, immunoglobuliny, oddechowy indeks odporno\u015bciowy, indeks odporno\u015bci b\u0142ony \u015bluzowej, pokarmowy uk\u0142ad odporno\u015bciowy),<\/span><\/span><\/li>\n<li><span style=\"color: #212529;\"><span style=\"font-family: Arial, serif;\"><b>Tarczyca<\/b><\/span><\/span><span style=\"color: #212529;\"><span style=\"font-family: Arial, serif;\">\u00a0(wolnej tyroksyny FT4, tyreoglobuliny, przeciwcia\u0142a anty-tyreoglobuliny, trzy tr\u00f3jjodotyroniny T3),<\/span><\/span><\/li>\n<li><span style=\"color: #212529;\"><span style=\"font-family: Arial, serif;\"><b>Toksyny<\/b><\/span><\/span><span style=\"color: #212529;\"><span style=\"font-family: Arial, serif;\">\u00a0(promieniowanie elektromagnetyczne, napoje pobudzaj\u0105ce, tyto\u0144\/nikotyna, toksyczne pozosta\u0142o\u015bci pestycyd\u00f3w),<\/span><\/span><\/li>\n<li><span style=\"color: #212529;\"><span style=\"font-family: Arial, serif;\"><b>Metale ci\u0119\u017ckie<\/b><\/span><\/span><span style=\"color: #212529;\"><span style=\"font-family: Arial, serif;\">\u00a0(o\u0142\u00f3w, rt\u0119\u0107, kadm, chrom, arsen, antymon, tal),<\/span><\/span><\/li>\n<li><span style=\"color: #212529;\"><span style=\"font-family: Arial, serif;\"><b>Og\u00f3lny stan fizyczny<\/b><\/span><\/span><span style=\"color: #212529;\"><span style=\"font-family: Arial, serif;\">\u00a0(zdolno\u015b\u0107 reakcji, si\u0142y umys\u0142owe, odwodnienie, niedotlenienie, PH),<\/span><\/span><\/li>\n<li><span style=\"color: #212529;\"><span style=\"font-family: Arial, serif;\"><b>Alergeny<\/b><\/span><\/span><span style=\"color: #212529;\"><span style=\"font-family: Arial, serif;\">\u00a0(py\u0142ki, kurz, sier\u015b\u0107, nikiel, owoce morza, nabia\u0142, leki, alkohol),<\/span><\/span><\/li>\n<li><span style=\"color: #212529;\"><span style=\"font-family: Arial, serif;\"><b>Oty\u0142o\u015b\u0107<\/b><\/span><\/span><span style=\"color: #212529;\"><span style=\"font-family: Arial, serif;\">\u00a0(wsp\u00f3\u0142czynnik metabolizmu lipid\u00f3w; zaburzenia tkanki t\u0142uszczowej, hiperinsulinemii, tr\u00f3jgliceryd\u00f3w),<\/span><\/span><\/li>\n<li><span style=\"color: #212529;\"><span style=\"font-family: Arial, serif;\"><b>Sk\u00f3ra<\/b><\/span><\/span><span style=\"color: #212529;\"><span style=\"font-family: Arial, serif;\">\u00a0(indeks kolagenu, wolnych rodnik\u00f3w, sebum, wilgotno\u015bci, odporno\u015bci, elastyczno\u015bci, melaniny, rogowacenia),<\/span><\/span><\/li>\n<li><span style=\"color: #212529;\"><span style=\"font-family: Arial, serif;\"><b>Funkcje oczu<\/b><\/span><\/span><span style=\"color: #212529;\"><span style=\"font-family: Arial, serif;\">\u00a0(zm\u0119czenie oczu, aktywno\u015b\u0107 kom\u00f3rkowa oczu, indeks kolagenu, ciemnych cieni, obrz\u0119ku),<\/span><\/span><\/li>\n<li><span style=\"color: #212529;\"><span style=\"font-family: Arial, serif;\"><b>Kolagen<\/b><\/span><\/span><span style=\"color: #212529;\"><span style=\"font-family: Arial, serif;\">\u00a0(oczy, z\u0119by, w\u0142osy i sk\u00f3ra, uk\u0142adu hormonalnego, odporno\u015bciowego, rozrodczego, nerwowego kr\u0105\u017cenia i naczy\u0144 m\u00f3zgowych, \u017co\u0142\u0105dka i jelit, stawy i wi\u0119zade\u0142),<\/span><\/span><\/li>\n<li><span style=\"color: #212529;\"><span style=\"font-family: Arial, serif;\"><b>Meridiany i rozga\u0142\u0119zienia<\/b><\/span><\/span><span style=\"color: #212529;\"><span style=\"font-family: Arial, serif;\">\u00a0(meridiana p\u0142uc, jelita grubego i cienkiego, \u017co\u0142\u0105dka, \u015bledziony, serca, p\u0119cherza moczowego, nerek, osierdzia, p\u0119cherzyka \u017c\u00f3\u0142ciowego, w\u0105troby),<\/span><\/span><\/li>\n<li><span style=\"color: #212529;\"><span style=\"font-family: Arial, serif;\"><b>Impulsu naczy\u0144 m\u00f3zgowych<\/b><\/span><\/span><span style=\"color: #212529;\"><span style=\"font-family: Arial, serif;\">\u00a0(ci\u015bnienie tlenu, wsp\u00f3\u0142czynnik przewodzenia fali),<\/span><\/span><\/li>\n<li><span style=\"color: #212529;\"><span style=\"font-family: Arial, serif;\"><b>Lipidy w krwi<\/b><\/span><\/span><span style=\"color: #212529;\"><span style=\"font-family: Arial, serif;\">\u00a0(lepko\u015b\u0107 krwi, cholesterol ca\u0142kowity, HDL,LDL, tr\u00f3jglicerydy, t\u0142uszcz neutralny),<\/span><\/span><\/li>\n<li><span style=\"color: #212529;\"><span style=\"font-family: Arial, serif;\"><b>Ginekologia<\/b><\/span><\/span><span style=\"color: #212529;\"><span style=\"font-family: Arial, serif;\">\u00a0(hormony \u017ce\u0144skie, prolaktyna, progesteron, gonadotropina, wsp\u00f3\u0142czynnik zapalenia pochwy, zapalenia jajowod\u00f3w i jajnik\u00f3w, szyjki macicy),<\/span><\/span><\/li>\n<li><span style=\"color: #212529;\"><span style=\"font-family: Arial, serif;\"><b>Piersi<\/b><\/span><\/span><span style=\"color: #212529;\"><span style=\"font-family: Arial, serif;\">\u00a0(wsp\u00f3\u0142czynnik hiperplazji gruczo\u0142u mlecznego, gruczolakow\u0142\u00f3kniaka, wsp\u00f3\u0142czynnik zapalenia tkanki piersiowej),<\/span><\/span><\/li>\n<li><span style=\"color: #212529;\"><span style=\"font-family: Arial, serif;\"><b>Cykl menstruacyjny<\/b><\/span><\/span><span style=\"color: #212529;\"><span style=\"font-family: Arial, serif;\">\u00a0(hormon beta, fibrynogen, sedymentacja),<\/span><\/span><\/li>\n<li><span style=\"color: #212529;\"><span style=\"font-family: Arial, serif;\"><b>Sk\u0142ad cia\u0142a<\/b><\/span><\/span><span style=\"color: #212529;\"><span style=\"font-family: Arial, serif;\">\u00a0(p\u0142yny wewn\u0105trz- i zewn\u0105trzkom\u00f3rkowy, bia\u0142ka, t\u0142uszcz, analiza t\u0142uszczu, BMI, poziom metabolizmu podstawowego, ocena kompleksowa, analiza formy cia\u0142a),<\/span><\/span><\/li>\n<\/ul>\n<p><span style=\"color: #212529;\"><span style=\"font-family: Arial, serif;\">Doskona\u0142e narz\u0119dzie diagnostyczne pozwalaj\u0105ce na \u015bwiadom\u0105, skuteczn\u0105 suplementacj\u0119 i wyr\u00f3wnanie niedobor\u00f3w witamin i minera\u0142\u00f3w.<\/span><\/span><\/p>\n<p>[\/et_pb_text][\/et_pb_column][\/et_pb_row][et_pb_row _builder_version=&#8221;4.10.8&#8243; _module_preset=&#8221;default&#8221; global_colors_info=&#8221;{}&#8221;][et_pb_column type=&#8221;4_4&#8243; _builder_version=&#8221;4.10.8&#8243; _module_preset=&#8221;default&#8221; global_colors_info=&#8221;{}&#8221;][et_pb_text _builder_version=&#8221;4.14.4&#8243; _module_preset=&#8221;default&#8221; hover_enabled=&#8221;0&#8243; global_colors_info=&#8221;{}&#8221; sticky_enabled=&#8221;0&#8243;]<\/p>\n<p style=\"line-height: 100%; margin-top: 0.49cm; margin-bottom: 0.49cm; background: #ffffff;\" align=\"justify\"><span style=\"color: #212529;\"><span style=\"font-family: Arial, serif;\">UWAGA! W my\u015bl art. 2 pkt. 38 ustawy z dnia 20 maja 2010 r. o wyrobach medycznych aparaty, Bioplasm, Quantum Resonance Magnetic Analizer, Zapper nie s\u0105 urz\u0105dzeniami medycznymi. Analizy s\u0142u\u017c\u0105 profilaktyce zdrowotnej.<\/span><\/span><\/p>\n<p>[\/et_pb_text][\/et_pb_column][\/et_pb_row][\/et_pb_section]<\/p>\n","protected":false},"excerpt":{"rendered":"<p>Analiza sk\u0142adu cia\u0142a Przygotowanie i przeciwwskazania do diagnostyki biorezonansowejQuantum Resonance Magnetic Analizer &#8211; urz\u0105dzenie diagnostyki biorezonansowej, tworz\u0105ce 35 raport\u00f3w obrazuj\u0105cych niedobory i nadmiary pierwiastk\u00f3w, witamin, hormon\u00f3w i innych wa\u017cnych czynnik\u00f3w w organizmie, w sumie ok 100 stron analizy. Uk\u0142ad kr\u0105\u017cenia i naczy\u0144 m\u00f3zgowych\u00a0(lepko\u015b\u0107 krwi, krystalizacja cholesterolu, t\u0142uszcz we krwi, op\u00f3r naczyniowy, elastyczno\u015b\u0107 naczy\u0144 krwiono\u015bnych, zapotrzebowanie [&hellip;]<\/p>\n","protected":false},"author":1,"featured_media":0,"parent":111,"menu_order":40,"comment_status":"closed","ping_status":"closed","template":"","meta":{"_et_pb_use_builder":"on","_et_pb_old_content":"<!-- wp:divi\/placeholder \/-->","_et_gb_content_width":"","footnotes":""},"class_list":["post-115","page","type-page","status-publish","hentry"],"_links":{"self":[{"href":"https:\/\/bio-scan.pl\/index.php\/wp-json\/wp\/v2\/pages\/115","targetHints":{"allow":["GET"]}}],"collection":[{"href":"https:\/\/bio-scan.pl\/index.php\/wp-json\/wp\/v2\/pages"}],"about":[{"href":"https:\/\/bio-scan.pl\/index.php\/wp-json\/wp\/v2\/types\/page"}],"author":[{"embeddable":true,"href":"https:\/\/bio-scan.pl\/index.php\/wp-json\/wp\/v2\/users\/1"}],"replies":[{"embeddable":true,"href":"https:\/\/bio-scan.pl\/index.php\/wp-json\/wp\/v2\/comments?post=115"}],"version-history":[{"count":6,"href":"https:\/\/bio-scan.pl\/index.php\/wp-json\/wp\/v2\/pages\/115\/revisions"}],"predecessor-version":[{"id":616,"href":"https:\/\/bio-scan.pl\/index.php\/wp-json\/wp\/v2\/pages\/115\/revisions\/616"}],"up":[{"embeddable":true,"href":"https:\/\/bio-scan.pl\/index.php\/wp-json\/wp\/v2\/pages\/111"}],"wp:attachment":[{"href":"https:\/\/bio-scan.pl\/index.php\/wp-json\/wp\/v2\/media?parent=115"}],"curies":[{"name":"wp","href":"https:\/\/api.w.org\/{rel}","templated":true}]}}